{"id":2705,"date":"2023-06-02T02:56:13","date_gmt":"2023-06-02T02:56:13","guid":{"rendered":"https:\/\/www.bladenptfe.com\/politica-de-privacidad\/"},"modified":"2023-06-09T03:01:30","modified_gmt":"2023-06-09T03:01:30","slug":"politica-de-privacidad","status":"publish","type":"page","link":"https:\/\/www.bladenptfe.com\/es\/politica-de-privacidad\/","title":{"rendered":"Pol\u00edtica de Privacidad"},"content":{"rendered":"\n\n\t<p>Bienvenido a BladenPTFE Si visitas nuestra tienda significa que autom\u00e1ticamente aceptas todos estos t\u00e9rminos y condiciones. Lea atentamente toda la informaci\u00f3n sobre nuestras pautas, t\u00e9rminos y acuerdos.<\/p>\n<p>Es muy importante preocuparse por la informaci\u00f3n porque vivimos en una sociedad de la informaci\u00f3n y no se puede subestimar la forma en que se utilizar\u00e1 y compartir\u00e1 la informaci\u00f3n.<\/p>\n<p>La confianza es la piedra angular de la amistad y agradecemos tu decisi\u00f3n de elegir nuestra tienda. Le estamos dando acceso completo a diferentes tipos de informaci\u00f3n sobre su cuenta.<\/p>\n<p>Adem\u00e1s, tenga en cuenta que nuestro sitio web contiene numerosas marcas comerciales que pueden pertenecer tanto a nuestra empresa como a empresas de terceros.<\/p>\n<p>Est\u00e1 prohibido usar logotipos, \u00edconos y nombres de servicios de cualquier manera que pueda causar confusi\u00f3n entre nuestros clientes y se considerar\u00e1 una violaci\u00f3n de la ley de derechos de autor.<\/p>\n<p>Nos reservamos el derecho de realizar cambios a estos t\u00e9rminos y condiciones en cualquier momento sin notificaci\u00f3n previa.<\/p>\n<p>Al utilizar este sitio web, usted acepta los t\u00e9rminos de la versi\u00f3n m\u00e1s reciente de esta Pol\u00edtica de privacidad. Lea nuestros T\u00e9rminos de uso para comprender las reglas generales sobre el uso de este sitio web. Excepto por lo escrito en otros descargos de responsabilidad, pol\u00edticas, T\u00e9rminos de uso u otros avisos en este sitio web, esta Pol\u00edtica de privacidad y los T\u00e9rminos de uso son el acuerdo completo entre usted y BladenPTFE.com con respecto a su uso de este sitio web. Puede estar sujeto a t\u00e9rminos adicionales que pueden aplicarse cuando accede a servicios o materiales particulares en ciertas \u00e1reas de este sitio web, o al seguir un enlace desde este sitio web.<\/p>\n<h3>Introducci\u00f3n<\/h3>\n<p>La informaci\u00f3n que recibimos y c\u00f3mo la usamos depende de lo que haga cuando visite nuestro sitio web. Recopilamos y usamos su informaci\u00f3n no personal (informaci\u00f3n que no es identificable para usted personalmente) de manera diferente a su informaci\u00f3n personal.<\/p>\n<h3>\u00bfQu\u00e9 es la informaci\u00f3n no personal?<\/h3>\n<p>La informaci\u00f3n no personal es la informaci\u00f3n que recopilamos a trav\u00e9s de este sitio web que no nos identifica como una persona individual. Puede incluir informaci\u00f3n como la siguiente:<\/p>\n<ul>\n<li>el tipo de software de navegador web que utiliza (por ejemplo, Netscape Navigator o Internet Explorer)<\/li>\n<li>el nombre del dominio desde el que accede a Internet<\/li>\n<li>la direcci\u00f3n de Internet del sitio web desde el que se vincul\u00f3 directamente a nuestro sitio web<\/li>\n<li>La fecha y hora de acceso a nuestro sitio web<\/li>\n<li>qu\u00e9 p\u00e1ginas ha visitado en nuestro sitio web<\/li>\n<li>los t\u00e9rminos de b\u00fasqueda que utiliza<\/li>\n<li>los enlaces en los que haces clic<\/li>\n<li>informaci\u00f3n personal que se ha convertido en no personal o anonimizada (es decir, informaci\u00f3n que ya no refleja ni hace referencia a un usuario identificable individualmente)<\/li>\n<\/ul>\n<p>Si visita nuestro sitio web para leer o descargar informaci\u00f3n, como informaci\u00f3n sobre una condici\u00f3n de salud o sobre uno de nuestros productos, podemos recopilar cierta informaci\u00f3n no personal sobre usted desde su computadora. Esta informaci\u00f3n se recopila del navegador web de su computadora: si solo lee o descarga informaci\u00f3n en nuestro sitio web, no recopilamos ni conocemos su nombre, direcci\u00f3n de correo electr\u00f3nico, domicilio u otra informaci\u00f3n personal sobre usted. Podemos colocar un archivo de texto llamado cookie en los archivos del navegador de su computadora cuando nos visita. La cookie puede almacenarse en el disco duro de su computadora. La informaci\u00f3n que recopilamos mediante cookies es informaci\u00f3n no personal. Siempre puede rechazar nuestras cookies si su navegador lo permite, pero es posible que algunas partes de nuestro sitio web no funcionen correctamente para usted si lo hace. No permitiremos que terceros que no sean las empresas que contratamos para realizar servicios o funciones en nuestro nombre coloquen cookies en nuestro sitio web.<\/p>\n<h3>\u00bfQu\u00e9 hace BladenPTFE.com con la informaci\u00f3n no personal?<\/h3>\n<p>Debido a que la informaci\u00f3n no personal no puede identificarlo ni vincularse con usted de ninguna manera, no existen restricciones sobre las formas en que podemos usar o compartir informaci\u00f3n no personal. Siempre estamos buscando maneras de servirle mejor y mejorar este sitio web. Utilizaremos su informaci\u00f3n no personal para ayudarnos a hacer que este sitio web sea m\u00e1s \u00fatil para los visitantes. Tambi\u00e9n utilizaremos informaci\u00f3n no personal para otros fines comerciales. Por ejemplo, podemos usar informaci\u00f3n no personal o agregar informaci\u00f3n no personal para:<\/p>\n<ul>\n<li>crear informes para uso interno para desarrollar programas, productos, servicios o contenido<\/li>\n<li>personalizar la informaci\u00f3n o servicios que sean de su inter\u00e9s<\/li>\n<li>Comp\u00e1rtelo o v\u00e9ndelo a terceros<\/li>\n<li>proporcionar &#8220;estad\u00edsticas de tr\u00e1fico&#8221; y &#8220;tasas de respuesta&#8221; agregadas a terceros<\/li>\n<\/ul>\n<h3>\u00bfQu\u00e9 es la informaci\u00f3n personal?<\/h3>\n<p>La informaci\u00f3n personal es la informaci\u00f3n que recopilamos a trav\u00e9s de este sitio web que podemos usar para identificarlo espec\u00edficamente, como su:<\/p>\n<ul>\n<li>nombre<\/li>\n<li>n\u00famero de tel\u00e9fono<\/li>\n<li>direcci\u00f3n de correo electr\u00f3nico<\/li>\n<li>n\u00famero de serie del dispositivo m\u00e9dico<\/li>\n<li>informaci\u00f3n personal de salud<\/li>\n<li>fecha de nacimiento<\/li>\n<\/ul>\n<p>En algunos lugares de este sitio web, tiene la oportunidad de enviarnos informaci\u00f3n personal sobre usted, elegir recibir informaci\u00f3n en particular o participar en una actividad. Por ejemplo, puede completar un formulario de registro, una encuesta o un formulario de correo electr\u00f3nico y puede optar por recibir material educativo sobre nuestros productos y terapias.<\/p>\n<p>Tambi\u00e9n puede optar por permitirnos personalizar sus visitas al sitio web, en cuyo caso le pediremos cierta informaci\u00f3n personal para que sus visitas a nuestro sitio web sean m\u00e1s \u00fatiles para usted. Cuando esta informaci\u00f3n se combina con la informaci\u00f3n no personal que recopilamos a trav\u00e9s de cookies (descrita anteriormente), podremos saber que ha visitado nuestro sitio web antes y podemos personalizar su acceso a nuestro sitio web, por ejemplo, inform\u00e1ndole sobre nuevas caracter\u00edsticas que pueden ser de su inter\u00e9s.<\/p>\n<h3>\u00bfC\u00f3mo guarda y utiliza BladenPTFE.com la informaci\u00f3n personal?<\/h3>\n<p>Podemos conservar y utilizar la informaci\u00f3n personal que recopilamos de usted a trav\u00e9s de este sitio web para brindarle acceso a este sitio web. Adem\u00e1s, podemos conservar y utilizar su informaci\u00f3n personal:<\/p>\n<ul>\n<li>para responder a sus solicitudes<\/li>\n<li>para personalizar su acceso a nuestro sitio web, por ejemplo, inform\u00e1ndole sobre nuevas funciones que pueden ser de su inter\u00e9s<\/li>\n<li>para desarrollar registros, incluidos los registros de su informaci\u00f3n personal<\/li>\n<li>para contactarlo con informaci\u00f3n que podr\u00eda ser de su inter\u00e9s, incluida informaci\u00f3n sobre ensayos cl\u00ednicos y sobre productos y servicios nuestros y de otros<\/li>\n<li>con fines anal\u00edticos y para investigar, desarrollar y mejorar programas, productos, servicios y contenido<\/li>\n<li>para eliminar sus identificadores personales (su nombre, direcci\u00f3n de correo electr\u00f3nico, n\u00famero de seguro social, etc.). En este caso, ya no se le identificar\u00eda como un \u00fanico individuo \u00fanico. Una vez que tenemos informaci\u00f3n anonimizada, es informaci\u00f3n no personal y podemos tratarla como otra informaci\u00f3n no personal.<\/li>\n<li>para hacer cumplir esta Declaraci\u00f3n de Privacidad y otras reglas sobre su uso de este sitio web<\/li>\n<li>para proteger nuestros derechos o propiedad<\/li>\n<li>para proteger la salud, la seguridad o el bienestar de alguien<\/li>\n<li>para cumplir con una ley o reglamento, orden judicial u otros procesos legales<\/li>\n<\/ul>\n<p>No tenemos un m\u00e9todo para revisar la informaci\u00f3n personal o no personal recopilada a trav\u00e9s de este sitio.<\/p>\n<h3>\u00bfBladenPTFE.com alguna vez comparte informaci\u00f3n personal con terceros?<\/h3>\n<p>BladenPTFE.com no compartir\u00e1 su informaci\u00f3n personal recopilada de este sitio web con un tercero no relacionado sin su permiso, excepto que se indique lo contrario en esta Declaraci\u00f3n de privacidad.<\/p>\n<p>En el curso ordinario de los negocios, podemos compartir cierta informaci\u00f3n personal con empresas que contratamos para realizar servicios o funciones en nuestro nombre. En todos los casos en los que compartimos su informaci\u00f3n personal con un tercero, no les autorizaremos a conservar, divulgar o utilizar su informaci\u00f3n con otros, excepto con el fin de proporcionar los servicios que les solicitamos que proporcionen. No venderemos, intercambiaremos ni publicaremos su informaci\u00f3n personal, excepto en relaci\u00f3n con una venta, fusi\u00f3n, disoluci\u00f3n o adquisici\u00f3n corporativa.<\/p>\n<p>Es posible que nos veamos obligados legalmente a divulgar su informaci\u00f3n personal en respuesta a una orden judicial, citaci\u00f3n, orden de allanamiento, ley o reglamento. Podemos cooperar con las autoridades encargadas de hacer cumplir la ley en la investigaci\u00f3n y el enjuiciamiento de los visitantes del sitio web que violen nuestras reglas o participen en un comportamiento que sea da\u00f1ino para otros visitantes (o ilegal).<\/p>\n<h3>\u00bfQu\u00e9 pasa con la privacidad en otros sitios web?<\/h3>\n<p>Este sitio web puede contener enlaces a otros sitios web. Algunos de esos sitios web pueden ser operados por BladenPTFE y otros pueden ser operados por terceros. Proporcionamos los enlaces para su conveniencia, pero no revisamos, controlamos ni supervisamos las pr\u00e1cticas de privacidad de los sitios web operados por otros. Esta Declaraci\u00f3n de privacidad no se aplica a ning\u00fan otro sitio web, ni siquiera a los otros sitios web de BladenPTFE.com. No somos responsables del rendimiento de los sitios web operados por terceros ni de sus tratos comerciales con ellos. Por lo tanto, cada vez que abandone este sitio web, le recomendamos que revise las pr\u00e1cticas de privacidad de cada sitio web y saque sus propias conclusiones con respecto a la idoneidad de estas pr\u00e1cticas.<\/p>\n<h3>\u00bfBladenPTFE.com alguna vez se comunica directamente con los visitantes de este sitio web?<\/h3>\n<p>Es posible que nos comuniquemos con usted peri\u00f3dicamente por correo electr\u00f3nico, correo postal o tel\u00e9fono si acepta ese contacto para brindarle informaci\u00f3n sobre programas, productos, servicios y contenido que pueda ser de su inter\u00e9s. Adem\u00e1s, algunas de las funciones de este sitio web le permiten comunicarse con nosotros mediante un formulario en l\u00ednea. Si su comunicaci\u00f3n solicita una respuesta de nuestra parte, le enviaremos una respuesta por correo electr\u00f3nico. La respuesta o confirmaci\u00f3n por correo electr\u00f3nico puede incluir su informaci\u00f3n personal, incluida informaci\u00f3n personal sobre su salud, su nombre, direcci\u00f3n, etc. No podemos garantizar que los correos electr\u00f3nicos que le enviamos est\u00e9n protegidos contra interceptaciones no autorizadas.<\/p>\n<h3>\u00bfQu\u00e9 pasa con la seguridad del sitio web?<\/h3>\n<p>La seguridad es muy importante para nosotros. Tambi\u00e9n entendemos que la seguridad es importante para usted. Tomamos medidas razonables para proteger su informaci\u00f3n personal de p\u00e9rdida, uso indebido y acceso no autorizado, divulgaci\u00f3n, alteraci\u00f3n o destrucci\u00f3n. Debe tener en cuenta que ninguna transmisi\u00f3n por Internet es 100% segura o libre de errores. En particular, el correo electr\u00f3nico enviado hacia o desde este sitio puede no ser seguro y, por lo tanto, debe tener especial cuidado al decidir qu\u00e9 informaci\u00f3n nos env\u00eda por correo electr\u00f3nico.<\/p>\n\n","protected":false},"excerpt":{"rendered":"<p>Bienvenido a BladenPTFE Si visitas nuestra tienda significa que autom\u00e1ticamente aceptas todos estos t\u00e9rminos y condiciones. Lea atentamente toda la informaci\u00f3n sobre nuestras pautas, t\u00e9rminos y acuerdos. Es muy importante preocuparse por la informaci\u00f3n porque vivimos en una sociedad de la informaci\u00f3n y no se puede subestimar la forma en [&hellip;]<\/p>\n","protected":false},"author":1,"featured_media":0,"parent":0,"menu_order":0,"comment_status":"closed","ping_status":"closed","template":"","meta":{"site-sidebar-layout":"no-sidebar","site-content-layout":"page-builder","ast-site-content-layout":"default","site-content-style":"default","site-sidebar-style":"default","ast-global-header-display":"","ast-banner-title-visibility":"","ast-main-header-display":"","ast-hfb-above-header-display":"","ast-hfb-below-header-display":"","ast-hfb-mobile-header-display":"","site-post-title":"disabled","ast-breadcrumbs-content":"","ast-featured-img":"disabled","footer-sml-layout":"","ast-disable-related-posts":"","theme-transparent-header-meta":"default","adv-header-id-meta":"","stick-header-meta":"default","header-above-stick-meta":"","header-main-stick-meta":"","header-below-stick-meta":"","astra-migrate-meta-layouts":"default","ast-page-background-enabled":"default","ast-page-background-meta":{"desktop":{"background-color":"","background-image":"","background-repeat":"repeat","background-position":"center center","background-size":"auto","background-attachment":"scroll","background-type":"","background-media":"","overlay-type":"","overlay-color":"","overlay-opacity":"","overlay-gradient":""},"tablet":{"background-color":"","background-image":"","background-repeat":"repeat","background-position":"center center","background-size":"auto","background-attachment":"scroll","background-type":"","background-media":"","overlay-type":"","overlay-color":"","overlay-opacity":"","overlay-gradient":""},"mobile":{"background-color":"","background-image":"","background-repeat":"repeat","background-position":"center center","background-size":"auto","background-attachment":"scroll","background-type":"","background-media":"","overlay-type":"","overlay-color":"","overlay-opacity":"","overlay-gradient":""}},"ast-content-background-meta":{"desktop":{"background-color":"var(--ast-global-color-5)","background-image":"","background-repeat":"repeat","background-position":"center center","background-size":"auto","background-attachment":"scroll","background-type":"","background-media":"","overlay-type":"","overlay-color":"","overlay-opacity":"","overlay-gradient":""},"tablet":{"background-color":"var(--ast-global-color-5)","background-image":"","background-repeat":"repeat","background-position":"center center","background-size":"auto","background-attachment":"scroll","background-type":"","background-media":"","overlay-type":"","overlay-color":"","overlay-opacity":"","overlay-gradient":""},"mobile":{"background-color":"var(--ast-global-color-5)","background-image":"","background-repeat":"repeat","background-position":"center center","background-size":"auto","background-attachment":"scroll","background-type":"","background-media":"","overlay-type":"","overlay-color":"","overlay-opacity":"","overlay-gradient":""}},"footnotes":""},"class_list":["post-2705","page","type-page","status-publish","hentry"],"yoast_head":"<!-- This site is optimized with the Yoast SEO plugin v27.3 - https:\/\/yoast.com\/product\/yoast-seo-wordpress\/ -->\n<title>Pol\u00edtica de Privacidad - Bladen PTFE<\/title>\n<meta name=\"robots\" content=\"index, follow, max-snippet:-1, max-image-preview:large, max-video-preview:-1\" \/>\n<link rel=\"canonical\" href=\"https:\/\/www.bladenptfe.com\/es\/politica-de-privacidad\/\" \/>\n<script type=\"application\/ld+json\" class=\"yoast-schema-graph\">{\"@context\":\"https:\\\/\\\/schema.org\",\"@graph\":[{\"@type\":\"WebPage\",\"@id\":\"https:\\\/\\\/www.bladenptfe.com\\\/es\\\/politica-de-privacidad\\\/\",\"url\":\"https:\\\/\\\/www.bladenptfe.com\\\/es\\\/politica-de-privacidad\\\/\",\"name\":\"Pol\u00edtica de Privacidad - Bladen PTFE\",\"isPartOf\":{\"@id\":\"https:\\\/\\\/www.bladenptfe.com\\\/es\\\/#website\"},\"datePublished\":\"2023-06-02T02:56:13+00:00\",\"dateModified\":\"2023-06-09T03:01:30+00:00\",\"breadcrumb\":{\"@id\":\"https:\\\/\\\/www.bladenptfe.com\\\/es\\\/politica-de-privacidad\\\/#breadcrumb\"},\"inLanguage\":\"es\",\"potentialAction\":[{\"@type\":\"ReadAction\",\"target\":[\"https:\\\/\\\/www.bladenptfe.com\\\/es\\\/politica-de-privacidad\\\/\"]}]},{\"@type\":\"BreadcrumbList\",\"@id\":\"https:\\\/\\\/www.bladenptfe.com\\\/es\\\/politica-de-privacidad\\\/#breadcrumb\",\"itemListElement\":[{\"@type\":\"ListItem\",\"position\":1,\"name\":\"Home\",\"item\":\"https:\\\/\\\/www.bladenptfe.com\\\/es\\\/\"},{\"@type\":\"ListItem\",\"position\":2,\"name\":\"Pol\u00edtica de Privacidad\"}]},{\"@type\":\"WebSite\",\"@id\":\"https:\\\/\\\/www.bladenptfe.com\\\/es\\\/#website\",\"url\":\"https:\\\/\\\/www.bladenptfe.com\\\/es\\\/\",\"name\":\"Bladen PTFE\",\"description\":\"\",\"publisher\":{\"@id\":\"https:\\\/\\\/www.bladenptfe.com\\\/es\\\/#organization\"},\"potentialAction\":[{\"@type\":\"SearchAction\",\"target\":{\"@type\":\"EntryPoint\",\"urlTemplate\":\"https:\\\/\\\/www.bladenptfe.com\\\/es\\\/?s={search_term_string}\"},\"query-input\":{\"@type\":\"PropertyValueSpecification\",\"valueRequired\":true,\"valueName\":\"search_term_string\"}}],\"inLanguage\":\"es\"},{\"@type\":\"Organization\",\"@id\":\"https:\\\/\\\/www.bladenptfe.com\\\/es\\\/#organization\",\"name\":\"Bladen PTFE\",\"url\":\"https:\\\/\\\/www.bladenptfe.com\\\/es\\\/\",\"logo\":{\"@type\":\"ImageObject\",\"inLanguage\":\"es\",\"@id\":\"https:\\\/\\\/www.bladenptfe.com\\\/es\\\/#\\\/schema\\\/logo\\\/image\\\/\",\"url\":\"https:\\\/\\\/www.bladenptfe.com\\\/wp-content\\\/uploads\\\/2023\\\/05\\\/logo.png\",\"contentUrl\":\"https:\\\/\\\/www.bladenptfe.com\\\/wp-content\\\/uploads\\\/2023\\\/05\\\/logo.png\",\"width\":80,\"height\":80,\"caption\":\"Bladen PTFE\"},\"image\":{\"@id\":\"https:\\\/\\\/www.bladenptfe.com\\\/es\\\/#\\\/schema\\\/logo\\\/image\\\/\"}}]}<\/script>\n<!-- \/ Yoast SEO plugin. -->","yoast_head_json":{"title":"Pol\u00edtica de Privacidad - Bladen PTFE","robots":{"index":"index","follow":"follow","max-snippet":"max-snippet:-1","max-image-preview":"max-image-preview:large","max-video-preview":"max-video-preview:-1"},"canonical":"https:\/\/www.bladenptfe.com\/es\/politica-de-privacidad\/","schema":{"@context":"https:\/\/schema.org","@graph":[{"@type":"WebPage","@id":"https:\/\/www.bladenptfe.com\/es\/politica-de-privacidad\/","url":"https:\/\/www.bladenptfe.com\/es\/politica-de-privacidad\/","name":"Pol\u00edtica de Privacidad - Bladen PTFE","isPartOf":{"@id":"https:\/\/www.bladenptfe.com\/es\/#website"},"datePublished":"2023-06-02T02:56:13+00:00","dateModified":"2023-06-09T03:01:30+00:00","breadcrumb":{"@id":"https:\/\/www.bladenptfe.com\/es\/politica-de-privacidad\/#breadcrumb"},"inLanguage":"es","potentialAction":[{"@type":"ReadAction","target":["https:\/\/www.bladenptfe.com\/es\/politica-de-privacidad\/"]}]},{"@type":"BreadcrumbList","@id":"https:\/\/www.bladenptfe.com\/es\/politica-de-privacidad\/#breadcrumb","itemListElement":[{"@type":"ListItem","position":1,"name":"Home","item":"https:\/\/www.bladenptfe.com\/es\/"},{"@type":"ListItem","position":2,"name":"Pol\u00edtica de Privacidad"}]},{"@type":"WebSite","@id":"https:\/\/www.bladenptfe.com\/es\/#website","url":"https:\/\/www.bladenptfe.com\/es\/","name":"Bladen PTFE","description":"","publisher":{"@id":"https:\/\/www.bladenptfe.com\/es\/#organization"},"potentialAction":[{"@type":"SearchAction","target":{"@type":"EntryPoint","urlTemplate":"https:\/\/www.bladenptfe.com\/es\/?s={search_term_string}"},"query-input":{"@type":"PropertyValueSpecification","valueRequired":true,"valueName":"search_term_string"}}],"inLanguage":"es"},{"@type":"Organization","@id":"https:\/\/www.bladenptfe.com\/es\/#organization","name":"Bladen PTFE","url":"https:\/\/www.bladenptfe.com\/es\/","logo":{"@type":"ImageObject","inLanguage":"es","@id":"https:\/\/www.bladenptfe.com\/es\/#\/schema\/logo\/image\/","url":"https:\/\/www.bladenptfe.com\/wp-content\/uploads\/2023\/05\/logo.png","contentUrl":"https:\/\/www.bladenptfe.com\/wp-content\/uploads\/2023\/05\/logo.png","width":80,"height":80,"caption":"Bladen PTFE"},"image":{"@id":"https:\/\/www.bladenptfe.com\/es\/#\/schema\/logo\/image\/"}}]}},"_links":{"self":[{"href":"https:\/\/www.bladenptfe.com\/es\/wp-json\/wp\/v2\/pages\/2705","targetHints":{"allow":["GET"]}}],"collection":[{"href":"https:\/\/www.bladenptfe.com\/es\/wp-json\/wp\/v2\/pages"}],"about":[{"href":"https:\/\/www.bladenptfe.com\/es\/wp-json\/wp\/v2\/types\/page"}],"author":[{"embeddable":true,"href":"https:\/\/www.bladenptfe.com\/es\/wp-json\/wp\/v2\/users\/1"}],"replies":[{"embeddable":true,"href":"https:\/\/www.bladenptfe.com\/es\/wp-json\/wp\/v2\/comments?post=2705"}],"version-history":[{"count":0,"href":"https:\/\/www.bladenptfe.com\/es\/wp-json\/wp\/v2\/pages\/2705\/revisions"}],"wp:attachment":[{"href":"https:\/\/www.bladenptfe.com\/es\/wp-json\/wp\/v2\/media?parent=2705"}],"curies":[{"name":"wp","href":"https:\/\/api.w.org\/{rel}","templated":true}]}}