{"id":2757,"date":"2019-01-23T06:31:06","date_gmt":"2019-01-23T06:31:06","guid":{"rendered":"https:\/\/www.bladenptfe.com\/inicio\/"},"modified":"2023-06-27T06:43:40","modified_gmt":"2023-06-27T06:43:40","slug":"inicio","status":"publish","type":"page","link":"https:\/\/www.bladenptfe.com\/es\/","title":{"rendered":"Inicio"},"content":{"rendered":"\n\n\t<h2>\n\t\t\t\t\tFabricante Personalizado de PTFE y PTFE Expandido\n\t\t\t\t<\/h2>\n\t\t\t<p>Podemos personalizar y producir todo tipo de productos de PTFE, PTFE expandido y PTFE reforzado, como tubos, mangueras enrolladas, l\u00e1minas, juntas, sellos, varillas, revestimientos, cintas, pel\u00edculas, membranas, etc.<\/p>\n\t\t\t<a href=\"https:\/\/www.bladenptfe.com\/es\/sobre-nosotras\/\" target=\"_self\" rel=\"noopener\">\n\t\t\t\t\t\t\tSobre Nosotras\n\t\t\t<\/a>\n\t\t\t<a href=\"#\" role=\"button\">\n\t\t\t\t\t\t\tSolicite Muestras Gratis\n\t\t\t<\/a>\n\t\t\n<div class=\"wpcf7 no-js\" id=\"wpcf7-f2556-o1\" lang=\"es-ES\" dir=\"ltr\" data-wpcf7-id=\"2556\">\n<div class=\"screen-reader-response\"><p role=\"status\" aria-live=\"polite\" aria-atomic=\"true\"><\/p> <ul><\/ul><\/div>\n<form action=\"\/es\/wp-json\/wp\/v2\/pages\/2757#wpcf7-f2556-o1\" method=\"post\" class=\"wpcf7-form init\" aria-label=\"Formulario de contacto\" novalidate=\"novalidate\" data-status=\"init\">\n<fieldset class=\"hidden-fields-container\"><input type=\"hidden\" name=\"_wpcf7\" value=\"2556\" \/><input type=\"hidden\" name=\"_wpcf7_version\" value=\"6.1.5\" \/><input type=\"hidden\" name=\"_wpcf7_locale\" value=\"es_ES\" \/><input type=\"hidden\" name=\"_wpcf7_unit_tag\" value=\"wpcf7-f2556-o1\" \/><input type=\"hidden\" name=\"_wpcf7_container_post\" value=\"0\" \/><input type=\"hidden\" name=\"_wpcf7_posted_data_hash\" value=\"\" \/><input type=\"hidden\" name=\"_wpcf7_recaptcha_response\" value=\"\" \/>\n<\/fieldset>\n<p><label> Su nombre<br \/>\n<span class=\"wpcf7-form-control-wrap\" data-name=\"your-name\"><input size=\"40\" maxlength=\"400\" class=\"wpcf7-form-control wpcf7-text wpcf7-validates-as-required\" autocomplete=\"name\" aria-required=\"true\" aria-invalid=\"false\" value=\"\" type=\"text\" name=\"your-name\" \/><\/span> <\/label>\n<\/p>\n<p><label> Tu correo electr\u00f3nico<br \/>\n<span class=\"wpcf7-form-control-wrap\" data-name=\"your-email\"><input size=\"40\" maxlength=\"400\" class=\"wpcf7-form-control wpcf7-email wpcf7-validates-as-required wpcf7-text wpcf7-validates-as-email\" autocomplete=\"email\" aria-required=\"true\" aria-invalid=\"false\" value=\"\" type=\"email\" name=\"your-email\" \/><\/span> <\/label>\n<\/p>\n<p><label> Tu tel (Opcional)<br \/>\n<span class=\"wpcf7-form-control-wrap\" data-name=\"tel-323\"><input size=\"40\" maxlength=\"400\" class=\"wpcf7-form-control wpcf7-tel wpcf7-text wpcf7-validates-as-tel\" aria-invalid=\"false\" value=\"\" type=\"tel\" name=\"tel-323\" \/><\/span> <\/label>\n<\/p>\n<p><label> Tu mensaje<br \/>\n<span class=\"wpcf7-form-control-wrap\" data-name=\"your-message\"><textarea cols=\"40\" rows=\"10\" maxlength=\"2000\" class=\"wpcf7-form-control wpcf7-textarea wpcf7-validates-as-required\" aria-required=\"true\" aria-invalid=\"false\" name=\"your-message\"><\/textarea><\/span> <\/label>\n<\/p>\n<p><span class=\"wpcf7-form-control-wrap\" data-name=\"quiz-747\"><label><span class=\"wpcf7-quiz-label\">2+6=?<\/span> <input size=\"40\" class=\"wpcf7-form-control wpcf7-quiz\" autocomplete=\"off\" aria-required=\"true\" aria-invalid=\"false\" type=\"text\" name=\"quiz-747\" \/><\/label><input type=\"hidden\" name=\"_wpcf7_quiz_answer_quiz-747\" value=\"3c1dff7205154c36eaefec0e253eedc4\" \/><\/span>\n<\/p>\n<p><input class=\"wpcf7-form-control wpcf7-submit has-spinner\" type=\"submit\" value=\"Entregar\" \/>\n<\/p><div class=\"wpcf7-response-output\" aria-hidden=\"true\"><\/div>\n<\/form>\n<\/div>\n\t\n\t<ul>\n\t\t<li>\t\t\t\t\n\t\t<h5>Materia Prima de Calidad<\/h5><p>M\u00e1s de 600 variaciones de PTFE virgen y relleno.<\/p><\/li>\t<\/ul>\n\t<ul>\n\t\t<li>\t\t\t\t\n\t\t<h5>OEM &amp; ODM<\/h5><p>Servicio personalizado, fabricaci\u00f3n bajo demanda.<\/p><\/li>\t<\/ul>\n\t<ul>\n\t\t<li>\t\t\t\t\n\t\t<h5> Servicios profesionales<\/h5><p>Servicios profesionales de preventa y postventa.<\/p><\/li>\t<\/ul>\n\t<h2>\n\t\t\t\t\tProductos de PTFE\n\t\t\t\t<\/h2>\n\t\t\t\t<img loading=\"lazy\" decoding=\"async\" src=\"https:\/\/www.bladenptfe.com\/wp-content\/uploads\/2023\/05\/PTFE-Film.jpg\" alt=\"Pel\u00edcula de PTFE\" itemprop=\"image\" height=\"450\" width=\"450\" title=\"Pel\u00edcula de PTFE\" onerror=\"this.style.display='none'\"  \/>\n\t<h5>\n\t\t\t\t\tPel\u00edcula de PTFE\n\t\t\t\t<\/h5>\n\t\t\t<p>Una pel\u00edcula delgada de pol\u00edmero con excelentes propiedades antiadherentes, utilizada en aplicaciones que requieren resistencia qu\u00edmica y estabilidad al calor.<\/p>\n\t\t\t<a href=\"https:\/\/www.bladenptfe.com\/es\/pelicula-ptfe\/\" target=\"_self\" rel=\"noopener\">\n\t\t\t\t\t\t\tSaber M\u00e1s\n\t\t\t\t\t<\/a>\n\t\t\t\t<img decoding=\"async\" src=\"http:\/\/www.bladenptfe.com\/wp-content\/uploads\/2023\/05\/PTFE-Gaskets.jpg\" alt=\"Juntas de PTFE\" itemprop=\"image\" title=\"Juntas de PTFE\" onerror=\"this.style.display='none'\"  \/>\n\t<h5>\n\t\t\t\t\tJunta de PTFE\n\t\t\t\t<\/h5>\n\t\t\t<p>Un material de sellado fabricado con PTFE que proporciona una resistencia qu\u00edmica excepcional y capacidades de sellado en entornos industriales exigentes.<\/p>\n\t\t\t<a href=\"https:\/\/www.bladenptfe.com\/es\/junta-ptfe\/\" target=\"_self\" rel=\"noopener\">\n\t\t\t\t\t\t\tSaber M\u00e1s\n\t\t\t\t\t<\/a>\n\t\t\t\t<img decoding=\"async\" src=\"http:\/\/www.bladenptfe.com\/wp-content\/uploads\/2023\/05\/PTFE-Liner.jpg\" alt=\"Revestimiento de PTFE\" itemprop=\"image\" title=\"Revestimiento de PTFE\" onerror=\"this.style.display='none'\"  \/>\n\t<h5>\n\t\t\t\t\tRevestimiento de PTFE\n\t\t\t\t<\/h5>\n\t\t\t<p>Revestimiento protector hecho de PTFE, utilizado para prevenir la corrosi\u00f3n y mejorar la resistencia qu\u00edmica de tuber\u00edas, tanques y otros equipos.<\/p>\n\t\t\t<a href=\"https:\/\/www.bladenptfe.com\/es\/revestimiento-ptfe\/\" target=\"_self\" rel=\"noopener\">\n\t\t\t\t\t\t\tSaber M\u00e1s\n\t\t\t\t\t<\/a>\n\t\t\t\t<img decoding=\"async\" src=\"http:\/\/www.bladenptfe.com\/wp-content\/uploads\/2023\/06\/PTFE-Membrane.jpg\" alt=\"Membrana de PTFE\" itemprop=\"image\" title=\"Membrana de PTFE\" onerror=\"this.style.display='none'\"  \/>\n\t<h5>\n\t\t\t\t\tMembrana de PTFE\n\t\t\t\t<\/h5>\n\t\t\t<p>Un material microporoso con alta resistencia qu\u00edmica, com\u00fanmente utilizado como membrana de filtraci\u00f3n o ventilaci\u00f3n en industrias como la farmac\u00e9utica y la de tratamiento de agua.<\/p>\n\t\t\t<a href=\"https:\/\/www.bladenptfe.com\/es\/membrana-ptfe\/\" target=\"_self\" rel=\"noopener\">\n\t\t\t\t\t\t\tSaber M\u00e1s\n\t\t\t\t\t<\/a>\n\t\t\t\t<img decoding=\"async\" src=\"http:\/\/www.bladenptfe.com\/wp-content\/uploads\/2023\/05\/PTFE-Rod.jpg\" alt=\"Varilla de PTFE\" itemprop=\"image\" title=\"Varilla de PTFE\" onerror=\"this.style.display='none'\"  \/>\n\t<h5>\n\t\t\t\t\tVarilla de PTFE\n\t\t\t\t<\/h5>\n\t\t\t<p>Una barra cil\u00edndrica s\u00f3lida hecha de politetrafluoroetileno, conocida por su baja fricci\u00f3n, resistencia a altas temperaturas y excelentes propiedades de aislamiento el\u00e9ctrico.<\/p>\n\t\t\t<a href=\"https:\/\/www.bladenptfe.com\/es\/varilla-ptfe\/\" target=\"_self\" rel=\"noopener\">\n\t\t\t\t\t\t\tSaber M\u00e1s\n\t\t\t\t\t<\/a>\n\t\t\t\t<img decoding=\"async\" src=\"http:\/\/www.bladenptfe.com\/wp-content\/uploads\/2023\/06\/PTFE-Seal-Rings.jpg\" alt=\"Anillos de sello de PTFE\" itemprop=\"image\" title=\"Anillos de sello de PTFE\" onerror=\"this.style.display='none'\"  \/>\n\t<h5>\n\t\t\t\t\tAnillo Sello de PTFE\n\t\t\t\t<\/h5>\n\t\t\t<p>Un dispositivo de sellado hecho de PTFE, dise\u00f1ado para evitar fugas de fluidos en sistemas mec\u00e1nicos al tiempo que ofrece resistencia a productos qu\u00edmicos y temperaturas extremas.<\/p>\n\t\t\t<a href=\"https:\/\/www.bladenptfe.com\/es\/anneau-detancheite-ptfe\/\" target=\"_self\" rel=\"noopener\">\n\t\t\t\t\t\t\tSaber M\u00e1s\n\t\t\t\t\t<\/a>\n\t\t\t\t<img decoding=\"async\" src=\"http:\/\/www.bladenptfe.com\/wp-content\/uploads\/2023\/05\/PTFE-Sheet.jpg\" alt=\"Hoja de PTFE\" itemprop=\"image\" title=\"Hoja de PTFE\" onerror=\"this.style.display='none'\"  \/>\n\t<h5>\n\t\t\t\t\tL\u00e1mina de PTFE\n\t\t\t\t<\/h5>\n\t\t\t<p>Un material plano y flexible compuesto de PTFE, apreciado por sus propiedades antiadherentes, aislamiento el\u00e9ctrico y resistencia a productos qu\u00edmicos y altas temperaturas.<\/p>\n\t\t\t<a href=\"https:\/\/www.bladenptfe.com\/es\/lamina-ptfe\/\" target=\"_self\" rel=\"noopener\">\n\t\t\t\t\t\t\tSaber M\u00e1s\n\t\t\t\t\t<\/a>\n\t\t\t\t<img decoding=\"async\" src=\"http:\/\/www.bladenptfe.com\/wp-content\/uploads\/2023\/05\/PTFE-Tape.jpg\" alt=\"Cinta de PTFE\" itemprop=\"image\" title=\"Cinta de PTFE\" onerror=\"this.style.display='none'\"  \/>\n\t<h5>\n\t\t\t\t\tCinta de PTFE\n\t\t\t\t<\/h5>\n\t\t\t<p>Cinta autoadhesiva hecha de PTFE, com\u00fanmente utilizada para el sellado de roscas de tuber\u00edas debido a su alta lubricidad y resistencia a los productos qu\u00edmicos y al calor.<\/p>\n\t\t\t<a href=\"https:\/\/www.bladenptfe.com\/es\/cinta-ptfe\/\" target=\"_self\" rel=\"noopener\">\n\t\t\t\t\t\t\tSaber M\u00e1s\n\t\t\t\t\t<\/a>\n\t\t\t\t<img decoding=\"async\" src=\"http:\/\/www.bladenptfe.com\/wp-content\/uploads\/2023\/05\/Colored-PTFE-Tubing.jpg\" alt=\"Tuber\u00eda de PTFE coloreada\" itemprop=\"image\" title=\"Tuber\u00eda de PTFE coloreada\" onerror=\"this.style.display='none'\"  \/>\n\t<h5>\n\t\t\t\t\tTuber\u00eda de PTFE\n\t\t\t\t<\/h5>\n\t\t\t<p>Un tubo flexible hecho de politetrafluoroetileno, valorado por su excelente resistencia qu\u00edmica, estabilidad t\u00e9rmica y propiedades de aislamiento el\u00e9ctrico.<\/p>\n\t\t\t<a href=\"https:\/\/www.bladenptfe.com\/es\/tuberia-ptfe\/\" target=\"_self\" rel=\"noopener\">\n\t\t\t\t\t\t\tSaber M\u00e1s\n\t\t\t\t\t<\/a>\n\t<h2>\n\t\t\t\t\tSobre Nosotros\n\t\t\t\t<\/h2>\n\t<p>Bladen Fluorochemicals Technologies Co., Ltd es un fabricante de tubos, mangueras, l\u00e1minas, varillas, pel\u00edculas y otros productos asociados de PTFE. Ofrecemos capacidades de conversi\u00f3n expertas que incluyen hojas cortadas a medida, conversi\u00f3n de rollos de pel\u00edcula y enrutamiento y mecanizado CNC.<\/p>\n\t\t\t\t<img loading=\"lazy\" decoding=\"async\" src=\"https:\/\/www.bladenptfe.com\/wp-content\/uploads\/2023\/06\/CNC-Machine.jpg\" alt=\"M\u00e1quina CNC\" itemprop=\"image\" height=\"450\" width=\"450\" title=\"M\u00e1quina CNC\" onerror=\"this.style.display='none'\"  \/>\n\t\t\t\t<img loading=\"lazy\" decoding=\"async\" src=\"https:\/\/www.bladenptfe.com\/wp-content\/uploads\/2023\/06\/Plasma-Cutting-Machine.jpg\" alt=\"M\u00e1quina de corte por plasma\" itemprop=\"image\" height=\"450\" width=\"450\" title=\"M\u00e1quina de corte por plasma\" onerror=\"this.style.display='none'\"  \/>\n\t\t\t\t<img loading=\"lazy\" decoding=\"async\" src=\"https:\/\/www.bladenptfe.com\/wp-content\/uploads\/2023\/06\/PTFE-Molding-Machine.jpg\" alt=\"M\u00e1quina de moldeo de PTFE\" itemprop=\"image\" height=\"450\" width=\"450\" title=\"M\u00e1quina de moldeo de PTFE\" onerror=\"this.style.display='none'\"  \/>\n\t<h4>\n\t\t\t\t\tMateria Prima de Primera\n\t\t\t\t<\/h4>\n\t\t\t<p>El PTFE est\u00e1 disponible en diferentes formas, incluida la resina de dispersi\u00f3n, la resina de suspensi\u00f3n y el micropolvo. Cada forma de PTFE tiene sus usos y ventajas espec\u00edficos. Utilizamos materiales de alta calidad para garantizar las caracter\u00edsticas y el rendimiento deseados de los productos finales de PTFE.<\/p>\n\t\t\t\t<img loading=\"lazy\" decoding=\"async\" src=\"https:\/\/www.bladenptfe.com\/wp-content\/uploads\/2023\/06\/PTFE-Dispersion-Resin.jpg\" alt=\"Resina de dispersi\u00f3n de PTFE\" itemprop=\"image\" height=\"450\" width=\"450\" title=\"Resina de dispersi\u00f3n de PTFE\" onerror=\"this.style.display='none'\"  \/>\n\t\t\t\t<img loading=\"lazy\" decoding=\"async\" src=\"https:\/\/www.bladenptfe.com\/wp-content\/uploads\/2023\/06\/PTFE-Suspension-Resin.jpg\" alt=\"Resina de suspensi\u00f3n de PTFE\" itemprop=\"image\" height=\"450\" width=\"450\" title=\"Resina de suspensi\u00f3n de PTFE\" onerror=\"this.style.display='none'\"  \/>\n\t\t\t\t<img loading=\"lazy\" decoding=\"async\" src=\"https:\/\/www.bladenptfe.com\/wp-content\/uploads\/2023\/06\/PTFE-Micropowder.jpg\" alt=\"Micropolvo de PTFE\" itemprop=\"image\" height=\"450\" width=\"450\" title=\"Micropolvo de PTFE\" onerror=\"this.style.display='none'\"  \/>\n\t<h4>\n\t\t\t\t\tStock de Muestra\n\t\t\t\t<\/h4>\n\t\t\t<p>Mantenemos un inventario sustancial para garantizar a nuestros clientes una pronta entrega. Para modelos personalizados espec\u00edficos, cont\u00e1ctenos. Nuestro equipo dedicado estar\u00e1 encantado de ayudarle con cualquier consulta que pueda tener.<\/p>\n\t\t\t\t<img loading=\"lazy\" decoding=\"async\" src=\"https:\/\/www.bladenptfe.com\/wp-content\/uploads\/2023\/06\/PTFE-Plate-Stock.jpg\" alt=\"Stock de placa de PTFE\" itemprop=\"image\" height=\"450\" width=\"450\" title=\"Stock de placa de PTFE\" onerror=\"this.style.display='none'\"  \/>\n\t\t\t\t<img loading=\"lazy\" decoding=\"async\" src=\"https:\/\/www.bladenptfe.com\/wp-content\/uploads\/2023\/06\/PTFE-Rod-Stock.jpg\" alt=\"Material de varilla de PTFE\" itemprop=\"image\" height=\"450\" width=\"450\" title=\"Material de varilla de PTFE\" onerror=\"this.style.display='none'\"  \/>\n\t\t\t\t<img loading=\"lazy\" decoding=\"async\" src=\"https:\/\/www.bladenptfe.com\/wp-content\/uploads\/2023\/06\/PTFE-Tube-Stock.jpg\" alt=\"Stock de tubo de PTFE\" itemprop=\"image\" height=\"450\" width=\"450\" title=\"Stock de tubo de PTFE\" onerror=\"this.style.display='none'\"  \/>\n\n","protected":false},"excerpt":{"rendered":"<p>Fabricante Personalizado de PTFE y PTFE Expandido Podemos personalizar y producir todo tipo de productos de PTFE, PTFE expandido y PTFE reforzado, como tubos, mangueras enrolladas, l\u00e1minas, juntas, sellos, varillas, revestimientos, cintas, pel\u00edculas, membranas, etc. Sobre Nosotras Solicite Muestras Gratis Materia Prima de Calidad M\u00e1s de 600 variaciones de PTFE [&hellip;]<\/p>\n","protected":false},"author":1,"featured_media":0,"parent":0,"menu_order":0,"comment_status":"closed","ping_status":"closed","template":"","meta":{"site-sidebar-layout":"no-sidebar","site-content-layout":"page-builder","ast-site-content-layout":"default","site-content-style":"default","site-sidebar-style":"default","ast-global-header-display":"","ast-banner-title-visibility":"","ast-main-header-display":"","ast-hfb-above-header-display":"","ast-hfb-below-header-display":"","ast-hfb-mobile-header-display":"","site-post-title":"disabled","ast-breadcrumbs-content":"","ast-featured-img":"disabled","footer-sml-layout":"","ast-disable-related-posts":"","theme-transparent-header-meta":"disabled","adv-header-id-meta":"","stick-header-meta":"default","header-above-stick-meta":"","header-main-stick-meta":"","header-below-stick-meta":"","astra-migrate-meta-layouts":"default","ast-page-background-enabled":"default","ast-page-background-meta":{"desktop":{"background-color":"","background-image":"","background-repeat":"repeat","background-position":"center center","background-size":"auto","background-attachment":"scroll","background-type":"","background-media":"","overlay-type":"","overlay-color":"","overlay-opacity":"","overlay-gradient":""},"tablet":{"background-color":"","background-image":"","background-repeat":"repeat","background-position":"center center","background-size":"auto","background-attachment":"scroll","background-type":"","background-media":"","overlay-type":"","overlay-color":"","overlay-opacity":"","overlay-gradient":""},"mobile":{"background-color":"","background-image":"","background-repeat":"repeat","background-position":"center center","background-size":"auto","background-attachment":"scroll","background-type":"","background-media":"","overlay-type":"","overlay-color":"","overlay-opacity":"","overlay-gradient":""}},"ast-content-background-meta":{"desktop":{"background-color":"var(--ast-global-color-5)","background-image":"","background-repeat":"repeat","background-position":"center center","background-size":"auto","background-attachment":"scroll","background-type":"","background-media":"","overlay-type":"","overlay-color":"","overlay-opacity":"","overlay-gradient":""},"tablet":{"background-color":"var(--ast-global-color-5)","background-image":"","background-repeat":"repeat","background-position":"center center","background-size":"auto","background-attachment":"scroll","background-type":"","background-media":"","overlay-type":"","overlay-color":"","overlay-opacity":"","overlay-gradient":""},"mobile":{"background-color":"var(--ast-global-color-5)","background-image":"","background-repeat":"repeat","background-position":"center center","background-size":"auto","background-attachment":"scroll","background-type":"","background-media":"","overlay-type":"","overlay-color":"","overlay-opacity":"","overlay-gradient":""}},"footnotes":""},"class_list":["post-2757","page","type-page","status-publish","hentry"],"yoast_head":"<!-- This site is optimized with the Yoast SEO plugin v27.4 - https:\/\/yoast.com\/product\/yoast-seo-wordpress\/ -->\n<title>Fabricante de PTFE en China, Proveedor de PTFE Virgen y Relleno - Bladen PTFE<\/title>\n<meta name=\"description\" content=\"Como fabricante de PTFE, podemos ofrecer productos de PTFE con procesos de expansi\u00f3n, relleno, refuerzo, extrusi\u00f3n y pelado.\" \/>\n<meta name=\"robots\" content=\"index, follow, max-snippet:-1, max-image-preview:large, max-video-preview:-1\" \/>\n<link rel=\"canonical\" href=\"https:\/\/www.bladenptfe.com\/es\/\" \/>\n<script type=\"application\/ld+json\" class=\"yoast-schema-graph\">{\"@context\":\"https:\\\/\\\/schema.org\",\"@graph\":[{\"@type\":\"WebPage\",\"@id\":\"https:\\\/\\\/www.bladenptfe.com\\\/es\\\/\",\"url\":\"https:\\\/\\\/www.bladenptfe.com\\\/es\\\/\",\"name\":\"Fabricante de PTFE en China, Proveedor de PTFE Virgen y Relleno - Bladen PTFE\",\"isPartOf\":{\"@id\":\"https:\\\/\\\/www.bladenptfe.com\\\/es\\\/#website\"},\"primaryImageOfPage\":{\"@id\":\"https:\\\/\\\/www.bladenptfe.com\\\/es\\\/#primaryimage\"},\"image\":{\"@id\":\"https:\\\/\\\/www.bladenptfe.com\\\/es\\\/#primaryimage\"},\"thumbnailUrl\":\"https:\\\/\\\/www.bladenptfe.com\\\/wp-content\\\/uploads\\\/2023\\\/05\\\/PTFE-Film.jpg\",\"datePublished\":\"2019-01-23T06:31:06+00:00\",\"dateModified\":\"2023-06-27T06:43:40+00:00\",\"description\":\"Como fabricante de PTFE, podemos ofrecer productos de PTFE con procesos de expansi\u00f3n, relleno, refuerzo, extrusi\u00f3n y pelado.\",\"breadcrumb\":{\"@id\":\"https:\\\/\\\/www.bladenptfe.com\\\/es\\\/#breadcrumb\"},\"inLanguage\":\"es\",\"potentialAction\":[{\"@type\":\"ReadAction\",\"target\":[\"https:\\\/\\\/www.bladenptfe.com\\\/es\\\/\"]}]},{\"@type\":\"ImageObject\",\"inLanguage\":\"es\",\"@id\":\"https:\\\/\\\/www.bladenptfe.com\\\/es\\\/#primaryimage\",\"url\":\"https:\\\/\\\/www.bladenptfe.com\\\/wp-content\\\/uploads\\\/2023\\\/05\\\/PTFE-Film.jpg\",\"contentUrl\":\"https:\\\/\\\/www.bladenptfe.com\\\/wp-content\\\/uploads\\\/2023\\\/05\\\/PTFE-Film.jpg\"},{\"@type\":\"BreadcrumbList\",\"@id\":\"https:\\\/\\\/www.bladenptfe.com\\\/es\\\/#breadcrumb\",\"itemListElement\":[{\"@type\":\"ListItem\",\"position\":1,\"name\":\"Home\",\"item\":\"https:\\\/\\\/www.bladenptfe.com\\\/es\\\/\"},{\"@type\":\"ListItem\",\"position\":2,\"name\":\"Inicio\"}]},{\"@type\":\"WebSite\",\"@id\":\"https:\\\/\\\/www.bladenptfe.com\\\/es\\\/#website\",\"url\":\"https:\\\/\\\/www.bladenptfe.com\\\/es\\\/\",\"name\":\"Bladen PTFE\",\"description\":\"\",\"publisher\":{\"@id\":\"https:\\\/\\\/www.bladenptfe.com\\\/es\\\/#organization\"},\"potentialAction\":[{\"@type\":\"SearchAction\",\"target\":{\"@type\":\"EntryPoint\",\"urlTemplate\":\"https:\\\/\\\/www.bladenptfe.com\\\/es\\\/?s={search_term_string}\"},\"query-input\":{\"@type\":\"PropertyValueSpecification\",\"valueRequired\":true,\"valueName\":\"search_term_string\"}}],\"inLanguage\":\"es\"},{\"@type\":\"Organization\",\"@id\":\"https:\\\/\\\/www.bladenptfe.com\\\/es\\\/#organization\",\"name\":\"Bladen PTFE\",\"url\":\"https:\\\/\\\/www.bladenptfe.com\\\/es\\\/\",\"logo\":{\"@type\":\"ImageObject\",\"inLanguage\":\"es\",\"@id\":\"https:\\\/\\\/www.bladenptfe.com\\\/es\\\/#\\\/schema\\\/logo\\\/image\\\/\",\"url\":\"https:\\\/\\\/www.bladenptfe.com\\\/wp-content\\\/uploads\\\/2023\\\/05\\\/logo.png\",\"contentUrl\":\"https:\\\/\\\/www.bladenptfe.com\\\/wp-content\\\/uploads\\\/2023\\\/05\\\/logo.png\",\"width\":80,\"height\":80,\"caption\":\"Bladen PTFE\"},\"image\":{\"@id\":\"https:\\\/\\\/www.bladenptfe.com\\\/es\\\/#\\\/schema\\\/logo\\\/image\\\/\"}}]}<\/script>\n<!-- \/ Yoast SEO plugin. -->","yoast_head_json":{"title":"Fabricante de PTFE en China, Proveedor de PTFE Virgen y Relleno - Bladen PTFE","description":"Como fabricante de PTFE, podemos ofrecer productos de PTFE con procesos de expansi\u00f3n, relleno, refuerzo, extrusi\u00f3n y pelado.","robots":{"index":"index","follow":"follow","max-snippet":"max-snippet:-1","max-image-preview":"max-image-preview:large","max-video-preview":"max-video-preview:-1"},"canonical":"https:\/\/www.bladenptfe.com\/es\/","schema":{"@context":"https:\/\/schema.org","@graph":[{"@type":"WebPage","@id":"https:\/\/www.bladenptfe.com\/es\/","url":"https:\/\/www.bladenptfe.com\/es\/","name":"Fabricante de PTFE en China, Proveedor de PTFE Virgen y Relleno - Bladen PTFE","isPartOf":{"@id":"https:\/\/www.bladenptfe.com\/es\/#website"},"primaryImageOfPage":{"@id":"https:\/\/www.bladenptfe.com\/es\/#primaryimage"},"image":{"@id":"https:\/\/www.bladenptfe.com\/es\/#primaryimage"},"thumbnailUrl":"https:\/\/www.bladenptfe.com\/wp-content\/uploads\/2023\/05\/PTFE-Film.jpg","datePublished":"2019-01-23T06:31:06+00:00","dateModified":"2023-06-27T06:43:40+00:00","description":"Como fabricante de PTFE, podemos ofrecer productos de PTFE con procesos de expansi\u00f3n, relleno, refuerzo, extrusi\u00f3n y pelado.","breadcrumb":{"@id":"https:\/\/www.bladenptfe.com\/es\/#breadcrumb"},"inLanguage":"es","potentialAction":[{"@type":"ReadAction","target":["https:\/\/www.bladenptfe.com\/es\/"]}]},{"@type":"ImageObject","inLanguage":"es","@id":"https:\/\/www.bladenptfe.com\/es\/#primaryimage","url":"https:\/\/www.bladenptfe.com\/wp-content\/uploads\/2023\/05\/PTFE-Film.jpg","contentUrl":"https:\/\/www.bladenptfe.com\/wp-content\/uploads\/2023\/05\/PTFE-Film.jpg"},{"@type":"BreadcrumbList","@id":"https:\/\/www.bladenptfe.com\/es\/#breadcrumb","itemListElement":[{"@type":"ListItem","position":1,"name":"Home","item":"https:\/\/www.bladenptfe.com\/es\/"},{"@type":"ListItem","position":2,"name":"Inicio"}]},{"@type":"WebSite","@id":"https:\/\/www.bladenptfe.com\/es\/#website","url":"https:\/\/www.bladenptfe.com\/es\/","name":"Bladen PTFE","description":"","publisher":{"@id":"https:\/\/www.bladenptfe.com\/es\/#organization"},"potentialAction":[{"@type":"SearchAction","target":{"@type":"EntryPoint","urlTemplate":"https:\/\/www.bladenptfe.com\/es\/?s={search_term_string}"},"query-input":{"@type":"PropertyValueSpecification","valueRequired":true,"valueName":"search_term_string"}}],"inLanguage":"es"},{"@type":"Organization","@id":"https:\/\/www.bladenptfe.com\/es\/#organization","name":"Bladen PTFE","url":"https:\/\/www.bladenptfe.com\/es\/","logo":{"@type":"ImageObject","inLanguage":"es","@id":"https:\/\/www.bladenptfe.com\/es\/#\/schema\/logo\/image\/","url":"https:\/\/www.bladenptfe.com\/wp-content\/uploads\/2023\/05\/logo.png","contentUrl":"https:\/\/www.bladenptfe.com\/wp-content\/uploads\/2023\/05\/logo.png","width":80,"height":80,"caption":"Bladen PTFE"},"image":{"@id":"https:\/\/www.bladenptfe.com\/es\/#\/schema\/logo\/image\/"}}]}},"_links":{"self":[{"href":"https:\/\/www.bladenptfe.com\/es\/wp-json\/wp\/v2\/pages\/2757","targetHints":{"allow":["GET"]}}],"collection":[{"href":"https:\/\/www.bladenptfe.com\/es\/wp-json\/wp\/v2\/pages"}],"about":[{"href":"https:\/\/www.bladenptfe.com\/es\/wp-json\/wp\/v2\/types\/page"}],"author":[{"embeddable":true,"href":"https:\/\/www.bladenptfe.com\/es\/wp-json\/wp\/v2\/users\/1"}],"replies":[{"embeddable":true,"href":"https:\/\/www.bladenptfe.com\/es\/wp-json\/wp\/v2\/comments?post=2757"}],"version-history":[{"count":0,"href":"https:\/\/www.bladenptfe.com\/es\/wp-json\/wp\/v2\/pages\/2757\/revisions"}],"wp:attachment":[{"href":"https:\/\/www.bladenptfe.com\/es\/wp-json\/wp\/v2\/media?parent=2757"}],"curies":[{"name":"wp","href":"https:\/\/api.w.org\/{rel}","templated":true}]}}