{"id":2639,"date":"2019-01-23T06:31:06","date_gmt":"2019-01-23T06:31:06","guid":{"rendered":"https:\/\/www.bladenptfe.com\/accueil\/"},"modified":"2023-06-27T06:43:15","modified_gmt":"2023-06-27T06:43:15","slug":"accueil","status":"publish","type":"page","link":"https:\/\/www.bladenptfe.com\/fr\/","title":{"rendered":"Accueil"},"content":{"rendered":"\n\n\t<h2>\n\t\t\t\t\tFabricant de PTFE et PTFE Expans\u00e9\n\t\t\t\t<\/h2>\n\t\t\t<p>Nous pouvons personnaliser et produire toutes sortes de produits en PTFE, en PTFE expans\u00e9 et en PTFE renforc\u00e9, tels que des tubes, des tuyaux annel\u00e9s, des feuilles, des joints, des joints, des tiges, des rev\u00eatements, des rubans, des films, des membranes, etc.<\/p>\n\t\t\t<a href=\"https:\/\/www.bladenptfe.com\/fr\/a-propos-de-nous\/\" target=\"_self\" rel=\"noopener\">\n\t\t\t\t\t\t\t\u00c0 propos de nous\n\t\t\t<\/a>\n\t\t\t<a href=\"#\" role=\"button\">\n\t\t\t\t\t\t\tContactez-nous\n\t\t\t<\/a>\n\t\t\n<div class=\"wpcf7 no-js\" id=\"wpcf7-f2553-o1\" lang=\"fr-FR\" dir=\"ltr\" data-wpcf7-id=\"2553\">\n<div class=\"screen-reader-response\"><p role=\"status\" aria-live=\"polite\" aria-atomic=\"true\"><\/p> <ul><\/ul><\/div>\n<form action=\"\/fr\/wp-json\/wp\/v2\/pages\/2639#wpcf7-f2553-o1\" method=\"post\" class=\"wpcf7-form init\" aria-label=\"Formulaire de contact\" novalidate=\"novalidate\" data-status=\"init\">\n<fieldset class=\"hidden-fields-container\"><input type=\"hidden\" name=\"_wpcf7\" value=\"2553\" \/><input type=\"hidden\" name=\"_wpcf7_version\" value=\"6.1.5\" \/><input type=\"hidden\" name=\"_wpcf7_locale\" value=\"fr_FR\" \/><input type=\"hidden\" name=\"_wpcf7_unit_tag\" value=\"wpcf7-f2553-o1\" \/><input type=\"hidden\" name=\"_wpcf7_container_post\" value=\"0\" \/><input type=\"hidden\" name=\"_wpcf7_posted_data_hash\" value=\"\" \/><input type=\"hidden\" name=\"_wpcf7_recaptcha_response\" value=\"\" \/>\n<\/fieldset>\n<p><label> Votre nom<br \/>\n<span class=\"wpcf7-form-control-wrap\" data-name=\"your-name\"><input size=\"40\" maxlength=\"400\" class=\"wpcf7-form-control wpcf7-text wpcf7-validates-as-required\" autocomplete=\"name\" aria-required=\"true\" aria-invalid=\"false\" value=\"\" type=\"text\" name=\"your-name\" \/><\/span> <\/label>\n<\/p>\n<p><label> Votre e-mail<br \/>\n<span class=\"wpcf7-form-control-wrap\" data-name=\"your-email\"><input size=\"40\" maxlength=\"400\" class=\"wpcf7-form-control wpcf7-email wpcf7-validates-as-required wpcf7-text wpcf7-validates-as-email\" autocomplete=\"email\" aria-required=\"true\" aria-invalid=\"false\" value=\"\" type=\"email\" name=\"your-email\" \/><\/span> <\/label>\n<\/p>\n<p><label> Votre t\u00e9l (facultatif)<br \/>\n<span class=\"wpcf7-form-control-wrap\" data-name=\"tel-323\"><input size=\"40\" maxlength=\"400\" class=\"wpcf7-form-control wpcf7-tel wpcf7-text wpcf7-validates-as-tel\" aria-invalid=\"false\" value=\"\" type=\"tel\" name=\"tel-323\" \/><\/span> <\/label>\n<\/p>\n<p><label> Votre message<br \/>\n<span class=\"wpcf7-form-control-wrap\" data-name=\"your-message\"><textarea cols=\"40\" rows=\"10\" maxlength=\"2000\" class=\"wpcf7-form-control wpcf7-textarea wpcf7-validates-as-required\" aria-required=\"true\" aria-invalid=\"false\" name=\"your-message\"><\/textarea><\/span> <\/label>\n<\/p>\n<p><span class=\"wpcf7-form-control-wrap\" data-name=\"quiz-747\"><label><span class=\"wpcf7-quiz-label\">2+6=?<\/span> <input size=\"40\" class=\"wpcf7-form-control wpcf7-quiz\" autocomplete=\"off\" aria-required=\"true\" aria-invalid=\"false\" type=\"text\" name=\"quiz-747\" \/><\/label><input type=\"hidden\" name=\"_wpcf7_quiz_answer_quiz-747\" value=\"3c1dff7205154c36eaefec0e253eedc4\" \/><\/span>\n<\/p>\n<p><input class=\"wpcf7-form-control wpcf7-submit has-spinner\" type=\"submit\" value=\"Soumettre\" \/>\n<\/p><div class=\"wpcf7-response-output\" aria-hidden=\"true\"><\/div>\n<\/form>\n<\/div>\n\t\n\t<ul>\n\t\t<li>\t\t\t\t\n\t\t<h5>Mati\u00e8re Premi\u00e8re de Qualit\u00e9<\/h5><p>Plus de 600 variantes de PTFE vierge et charg\u00e9.<\/p><\/li>\t<\/ul>\n\t<ul>\n\t\t<li>\t\t\t\t\n\t\t<h5>OEM et ODM<\/h5><p>Service personnalis\u00e9, fabrication \u00e0 la demande.<\/p><\/li>\t<\/ul>\n\t<ul>\n\t\t<li>\t\t\t\t\n\t\t<h5> Services professionnels<\/h5><p>Professional pre and after-sale services.<\/p><\/li>\t<\/ul>\n\t<h2>\n\t\t\t\t\tProduits PTFE\n\t\t\t\t<\/h2>\n\t\t\t\n\t\t\t\t<img loading=\"lazy\" decoding=\"async\" src=\"https:\/\/www.bladenptfe.com\/wp-content\/uploads\/2023\/05\/PTFE-Film.jpg\" alt=\"Pellicule PTFE\" itemprop=\"image\" height=\"450\" width=\"450\" title=\"Pellicule PTFE\" onerror=\"this.style.display='none'\"  \/>\n\t<h5>\n\t\t\t\t\tFilm PTFE\n\t\t\t\t<\/h5>\n\t\t\t<p>Un film polym\u00e8re mince avec d&#8217;excellentes propri\u00e9t\u00e9s antiadh\u00e9sives, utilis\u00e9 dans les applications n\u00e9cessitant une r\u00e9sistance chimique et une stabilit\u00e9 \u00e0 la chaleur.<\/p>\n\t\t\t<a href=\"https:\/\/www.bladenptfe.com\/fr\/film-ptfe\/\" target=\"_self\" rel=\"noopener\">\n\t\t\t\t\t\t\tSavoir Plus\n\t\t\t\t\t<\/a>\n\t\t\t\t<img decoding=\"async\" src=\"http:\/\/www.bladenptfe.com\/wp-content\/uploads\/2023\/05\/PTFE-Gaskets.jpg\" alt=\"Joints PTFE\" itemprop=\"image\" title=\"Joints PTFE\" onerror=\"this.style.display='none'\"  \/>\n\t<h5>\n\t\t\t\t\tJoint PTFE\n\t\t\t\t<\/h5>\n\t\t\t<p>Un mat\u00e9riau d&#8217;\u00e9tanch\u00e9it\u00e9 en PTFE, offrant une r\u00e9sistance chimique et des capacit\u00e9s d&#8217;\u00e9tanch\u00e9it\u00e9 exceptionnelles dans des environnements industriels exigeants.<\/p>\n\t\t\t<a href=\"https:\/\/www.bladenptfe.com\/fr\/joint-ptfe\/\" target=\"_self\" rel=\"noopener\">\n\t\t\t\t\t\t\tSavoir Plus\n\t\t\t\t\t<\/a>\n\t\t\t\t<img decoding=\"async\" src=\"http:\/\/www.bladenptfe.com\/wp-content\/uploads\/2023\/05\/PTFE-Liner.jpg\" alt=\"Rev\u00eatement PTFE\" itemprop=\"image\" title=\"Rev\u00eatement PTFE\" onerror=\"this.style.display='none'\"  \/>\n\t<h5>\n\t\t\t\t\tRev\u00eatement PTFE\n\t\t\t\t<\/h5>\n\t\t\t<p>Un rev\u00eatement protecteur en PTFE, utilis\u00e9 pour pr\u00e9venir la corrosion et am\u00e9liorer la r\u00e9sistance chimique des tuyaux, r\u00e9servoirs et autres \u00e9quipements.<\/p>\n\t\t\t<a href=\"https:\/\/www.bladenptfe.com\/fr\/revetement-ptfe\/\" target=\"_self\" rel=\"noopener\">\n\t\t\t\t\t\t\tSavoir Plus\n\t\t\t\t\t<\/a>\n\t\t\t\t<img decoding=\"async\" src=\"http:\/\/www.bladenptfe.com\/wp-content\/uploads\/2023\/06\/PTFE-Membrane.jpg\" alt=\"Membrane PTFE\" itemprop=\"image\" title=\"Membrane PTFE\" onerror=\"this.style.display='none'\"  \/>\n\t<h5>\n\t\t\t\t\tMembrane PTFE\n\t\t\t\t<\/h5>\n\t\t\t<p>Un mat\u00e9riau microporeux \u00e0 haute r\u00e9sistance chimique, couramment utilis\u00e9 comme membrane de filtration dans des industries telles que la pharmacie et le traitement de l&#8217;eau.<\/p>\n\t\t\t<a href=\"https:\/\/www.bladenptfe.com\/fr\/membrane-ptfe\/\" target=\"_self\" rel=\"noopener\">\n\t\t\t\t\t\t\tSavoir Plus\n\t\t\t\t\t<\/a>\n\t\t\t\t<img decoding=\"async\" src=\"http:\/\/www.bladenptfe.com\/wp-content\/uploads\/2023\/05\/PTFE-Rod.jpg\" alt=\"Tige PTFE\" itemprop=\"image\" title=\"Tige PTFE\" onerror=\"this.style.display='none'\"  \/>\n\t<h5>\n\t\t\t\t\tTige PTFE\n\t\t\t\t<\/h5>\n\t\t\t<p>Une barre cylindrique solide en polyt\u00e9trafluoro\u00e9thyl\u00e8ne, connue pour sa faible friction, sa r\u00e9sistance aux hautes temp\u00e9ratures et ses excellentes propri\u00e9t\u00e9s d&#8217;isolation \u00e9lectrique.<\/p>\n\t\t\t<a href=\"https:\/\/www.bladenptfe.com\/fr\/tige-ptfe\/\" target=\"_self\" rel=\"noopener\">\n\t\t\t\t\t\t\tSavoir Plus\n\t\t\t\t\t<\/a>\n\t\t\t\t<img decoding=\"async\" src=\"http:\/\/www.bladenptfe.com\/wp-content\/uploads\/2023\/06\/PTFE-Seal-Rings.jpg\" alt=\"Bagues d'\u00e9tanch\u00e9it\u00e9 en PTFE\" itemprop=\"image\" title=\"Bagues d'\u00e9tanch\u00e9it\u00e9 en PTFE\" onerror=\"this.style.display='none'\"  \/>\n\t<h5>\n\t\t\t\t\tBague d&#8217;\u00e9tanch\u00e9it\u00e9 PTFE\n\t\t\t\t<\/h5>\n\t\t\t<p>Un dispositif d&#8217;\u00e9tanch\u00e9it\u00e9 en PTFE, con\u00e7u pour emp\u00eacher les fuites de fluide dans les syst\u00e8mes m\u00e9caniques tout en offrant une r\u00e9sistance aux produits chimiques et aux temp\u00e9ratures extr\u00eames.<\/p>\n\t\t\t<a href=\"https:\/\/www.bladenptfe.com\/fr\/anneau-detancheite-ptfe\/\" target=\"_self\" rel=\"noopener\">\n\t\t\t\t\t\t\tSavoir Plus\n\t\t\t\t\t<\/a>\n\t\t\t\t<img decoding=\"async\" src=\"http:\/\/www.bladenptfe.com\/wp-content\/uploads\/2023\/05\/PTFE-Sheet.jpg\" alt=\"Feuille de PTFE\" itemprop=\"image\" title=\"Feuille de PTFE\" onerror=\"this.style.display='none'\"  \/>\n\t<h5>\n\t\t\t\t\tFeuille de PTFE\n\t\t\t\t<\/h5>\n\t\t\t<p>Un mat\u00e9riau plat et flexible compos\u00e9 de PTFE, pris\u00e9 pour ses propri\u00e9t\u00e9s antiadh\u00e9sives, son isolation \u00e9lectrique et sa r\u00e9sistance aux produits chimiques et aux temp\u00e9ratures \u00e9lev\u00e9es.<\/p>\n\t\t\t<a href=\"https:\/\/www.bladenptfe.com\/fr\/feuille-ptfe\/\" target=\"_self\" rel=\"noopener\">\n\t\t\t\t\t\t\tSavoir Plus\n\t\t\t\t\t<\/a>\n\t\t\t\t<img decoding=\"async\" src=\"http:\/\/www.bladenptfe.com\/wp-content\/uploads\/2023\/05\/PTFE-Tape.jpg\" alt=\"Ruban PTFE\" itemprop=\"image\" title=\"Ruban PTFE\" onerror=\"this.style.display='none'\"  \/>\n\t<h5>\n\t\t\t\t\tRuban PTFE\n\t\t\t\t<\/h5>\n\t\t\t<p>Un ruban auto-adh\u00e9sif en PTFE, couramment utilis\u00e9 pour l&#8217;\u00e9tanch\u00e9it\u00e9 des filetages de tuyaux en raison de son pouvoir lubrifiant \u00e9lev\u00e9 et de sa r\u00e9sistance aux produits chimiques et \u00e0 la chaleur.<\/p>\n\t\t\t<a href=\"https:\/\/www.bladenptfe.com\/fr\/ruban-ptfe\/\" target=\"_self\" rel=\"noopener\">\n\t\t\t\t\t\t\tSavoir Plus\n\t\t\t\t\t<\/a>\n\t\t\t\t<img decoding=\"async\" src=\"http:\/\/www.bladenptfe.com\/wp-content\/uploads\/2023\/05\/Colored-PTFE-Tubing.jpg\" alt=\"Tube PTFE color\u00e9\" itemprop=\"image\" title=\"Tube PTFE color\u00e9\" onerror=\"this.style.display='none'\"  \/>\n\t<h5>\n\t\t\t\t\tTube PTFE\n\t\t\t\t<\/h5>\n\t\t\t<p>Un tube flexible en PTFE est disponible dans une vari\u00e9t\u00e9 d&#8217;\u00e9paisseurs de paroi et de couleurs, appr\u00e9ci\u00e9 pour son excellente r\u00e9sistance chimique, sa stabilit\u00e9 thermique et ses propri\u00e9t\u00e9s d&#8217;isolation \u00e9lectrique.<\/p>\n\t\t\t<a href=\"https:\/\/www.bladenptfe.com\/fr\/tube-ptfe\/\" target=\"_self\" rel=\"noopener\">\n\t\t\t\t\t\t\tSavoir Plus\n\t\t\t\t\t<\/a>\n\t<h2>\n\t\t\t\t\t\u00c0 Propos de Nous\n\t\t\t\t<\/h2>\n\t<p>Bladen Fluorochemicals Technologies Co., Ltd est un fabricant de tubes, tuyaux, feuilles, tiges, films et autres produits associ\u00e9s en PTFE. Nous offrons des capacit\u00e9s de conversion expertes, notamment des feuilles coup\u00e9es \u00e0 la taille, la conversion de bobines de film, ainsi que le routage et l&#8217;usinage CNC.<\/p>\n\t\t\t\t<img loading=\"lazy\" decoding=\"async\" src=\"https:\/\/www.bladenptfe.com\/wp-content\/uploads\/2023\/06\/CNC-Machine.jpg\" alt=\"Machine cnc\" itemprop=\"image\" height=\"450\" width=\"450\" title=\"Machine cnc\" onerror=\"this.style.display='none'\"  \/>\n\t\t\t\t<img loading=\"lazy\" decoding=\"async\" src=\"https:\/\/www.bladenptfe.com\/wp-content\/uploads\/2023\/06\/Plasma-Cutting-Machine.jpg\" alt=\"Machine de d\u00e9coupe au plasma\" itemprop=\"image\" height=\"450\" width=\"450\" title=\"Machine de d\u00e9coupe au plasma\" onerror=\"this.style.display='none'\"  \/>\n\t\t\t\t<img loading=\"lazy\" decoding=\"async\" src=\"https:\/\/www.bladenptfe.com\/wp-content\/uploads\/2023\/06\/PTFE-Molding-Machine.jpg\" alt=\"Machine de moulage de PTFE\" itemprop=\"image\" height=\"450\" width=\"450\" title=\"Machine de moulage de PTFE\" onerror=\"this.style.display='none'\"  \/>\n\t<h4>\n\t\t\t\t\tMati\u00e8re Premi\u00e8re de Qualit\u00e9 Sup\u00e9rieure\n\t\t\t\t<\/h4>\n\t\t\t<p>Le PTFE est disponible sous diff\u00e9rentes formes, y compris la r\u00e9sine de dispersion, la r\u00e9sine de suspension et la micropoudre. Chaque forme de PTFE a ses utilisations et ses avantages sp\u00e9cifiques. Nous utilisons des mat\u00e9riaux de haute qualit\u00e9 pour garantir les caract\u00e9ristiques et les performances souhait\u00e9es des produits finaux en PTFE.<\/p>\n\t\t\t\t<img loading=\"lazy\" decoding=\"async\" src=\"https:\/\/www.bladenptfe.com\/wp-content\/uploads\/2023\/06\/PTFE-Dispersion-Resin.jpg\" alt=\"R\u00e9sine de dispersion PTFE\" itemprop=\"image\" height=\"450\" width=\"450\" title=\"R\u00e9sine de dispersion PTFE\" onerror=\"this.style.display='none'\"  \/>\n\t\t\t\t<img loading=\"lazy\" decoding=\"async\" src=\"https:\/\/www.bladenptfe.com\/wp-content\/uploads\/2023\/06\/PTFE-Suspension-Resin.jpg\" alt=\"R\u00e9sine de suspension PTFE\" itemprop=\"image\" height=\"450\" width=\"450\" title=\"R\u00e9sine de suspension PTFE\" onerror=\"this.style.display='none'\"  \/>\n\t\t\t\t<img loading=\"lazy\" decoding=\"async\" src=\"https:\/\/www.bladenptfe.com\/wp-content\/uploads\/2023\/06\/PTFE-Micropowder.jpg\" alt=\"Micropoudre de PTFE\" itemprop=\"image\" height=\"450\" width=\"450\" title=\"Micropoudre de PTFE\" onerror=\"this.style.display='none'\"  \/>\n\t<h4>\n\t\t\t\t\tStock d&#8217;\u00e9chantillon\n\t\t\t\t<\/h4>\n\t\t\t<p>Nous maintenons un inventaire substantiel pour garantir \u00e0 nos clients une livraison rapide. Pour des mod\u00e8les personnalis\u00e9s sp\u00e9cifiques, veuillez nous contacter. Notre \u00e9quipe d\u00e9vou\u00e9e se fera un plaisir de vous aider pour toute demande de renseignements que vous pourriez avoir.<\/p>\n\t\t\t\t<img loading=\"lazy\" decoding=\"async\" src=\"https:\/\/www.bladenptfe.com\/wp-content\/uploads\/2023\/06\/PTFE-Plate-Stock.jpg\" alt=\"Stock de plaque PTFE\" itemprop=\"image\" height=\"450\" width=\"450\" title=\"Stock de plaque PTFE\" onerror=\"this.style.display='none'\"  \/>\n\t\t\t\t<img loading=\"lazy\" decoding=\"async\" src=\"https:\/\/www.bladenptfe.com\/wp-content\/uploads\/2023\/06\/PTFE-Rod-Stock.jpg\" alt=\"Tige en PTFE\" itemprop=\"image\" height=\"450\" width=\"450\" title=\"Tige en PTFE\" onerror=\"this.style.display='none'\"  \/>\n\t\t\t\t<img loading=\"lazy\" decoding=\"async\" src=\"https:\/\/www.bladenptfe.com\/wp-content\/uploads\/2023\/06\/PTFE-Tube-Stock.jpg\" alt=\"Stock de tubes PTFE\" itemprop=\"image\" height=\"450\" width=\"450\" title=\"Stock de tubes PTFE\" onerror=\"this.style.display='none'\"  \/>\n\n","protected":false},"excerpt":{"rendered":"<p>Fabricant de PTFE et PTFE Expans\u00e9 Nous pouvons personnaliser et produire toutes sortes de produits en PTFE, en PTFE expans\u00e9 et en PTFE renforc\u00e9, tels que des tubes, des tuyaux annel\u00e9s, des feuilles, des joints, des joints, des tiges, des rev\u00eatements, des rubans, des films, des membranes, etc. \u00c0 propos [&hellip;]<\/p>\n","protected":false},"author":1,"featured_media":0,"parent":0,"menu_order":0,"comment_status":"closed","ping_status":"closed","template":"","meta":{"site-sidebar-layout":"no-sidebar","site-content-layout":"page-builder","ast-site-content-layout":"default","site-content-style":"default","site-sidebar-style":"default","ast-global-header-display":"","ast-banner-title-visibility":"","ast-main-header-display":"","ast-hfb-above-header-display":"","ast-hfb-below-header-display":"","ast-hfb-mobile-header-display":"","site-post-title":"disabled","ast-breadcrumbs-content":"","ast-featured-img":"disabled","footer-sml-layout":"","ast-disable-related-posts":"","theme-transparent-header-meta":"disabled","adv-header-id-meta":"","stick-header-meta":"default","header-above-stick-meta":"","header-main-stick-meta":"","header-below-stick-meta":"","astra-migrate-meta-layouts":"default","ast-page-background-enabled":"default","ast-page-background-meta":{"desktop":{"background-color":"","background-image":"","background-repeat":"repeat","background-position":"center center","background-size":"auto","background-attachment":"scroll","background-type":"","background-media":"","overlay-type":"","overlay-color":"","overlay-opacity":"","overlay-gradient":""},"tablet":{"background-color":"","background-image":"","background-repeat":"repeat","background-position":"center center","background-size":"auto","background-attachment":"scroll","background-type":"","background-media":"","overlay-type":"","overlay-color":"","overlay-opacity":"","overlay-gradient":""},"mobile":{"background-color":"","background-image":"","background-repeat":"repeat","background-position":"center center","background-size":"auto","background-attachment":"scroll","background-type":"","background-media":"","overlay-type":"","overlay-color":"","overlay-opacity":"","overlay-gradient":""}},"ast-content-background-meta":{"desktop":{"background-color":"var(--ast-global-color-5)","background-image":"","background-repeat":"repeat","background-position":"center center","background-size":"auto","background-attachment":"scroll","background-type":"","background-media":"","overlay-type":"","overlay-color":"","overlay-opacity":"","overlay-gradient":""},"tablet":{"background-color":"var(--ast-global-color-5)","background-image":"","background-repeat":"repeat","background-position":"center center","background-size":"auto","background-attachment":"scroll","background-type":"","background-media":"","overlay-type":"","overlay-color":"","overlay-opacity":"","overlay-gradient":""},"mobile":{"background-color":"var(--ast-global-color-5)","background-image":"","background-repeat":"repeat","background-position":"center center","background-size":"auto","background-attachment":"scroll","background-type":"","background-media":"","overlay-type":"","overlay-color":"","overlay-opacity":"","overlay-gradient":""}},"footnotes":""},"class_list":["post-2639","page","type-page","status-publish","hentry"],"yoast_head":"<!-- This site is optimized with the Yoast SEO plugin v27.4 - https:\/\/yoast.com\/product\/yoast-seo-wordpress\/ -->\n<title>Fabricant de PTFE Chine, Fournisseur de PTFE Vierge et Charg\u00e9 - Bladen PTFE<\/title>\n<meta name=\"description\" content=\"En tant que fabricant de PTFE, nous pouvons fournir des produits en PTFE avec des processus d&#039;expansion, de remplissage, de renforcement, d&#039;extrusion et de biseautage.\" \/>\n<meta name=\"robots\" content=\"index, follow, max-snippet:-1, max-image-preview:large, max-video-preview:-1\" \/>\n<link rel=\"canonical\" href=\"https:\/\/www.bladenptfe.com\/fr\/\" \/>\n<script type=\"application\/ld+json\" class=\"yoast-schema-graph\">{\"@context\":\"https:\\\/\\\/schema.org\",\"@graph\":[{\"@type\":\"WebPage\",\"@id\":\"https:\\\/\\\/www.bladenptfe.com\\\/fr\\\/\",\"url\":\"https:\\\/\\\/www.bladenptfe.com\\\/fr\\\/\",\"name\":\"Fabricant de PTFE Chine, Fournisseur de PTFE Vierge et Charg\u00e9 - Bladen PTFE\",\"isPartOf\":{\"@id\":\"https:\\\/\\\/www.bladenptfe.com\\\/fr\\\/#website\"},\"primaryImageOfPage\":{\"@id\":\"https:\\\/\\\/www.bladenptfe.com\\\/fr\\\/#primaryimage\"},\"image\":{\"@id\":\"https:\\\/\\\/www.bladenptfe.com\\\/fr\\\/#primaryimage\"},\"thumbnailUrl\":\"https:\\\/\\\/www.bladenptfe.com\\\/wp-content\\\/uploads\\\/2023\\\/05\\\/PTFE-Film.jpg\",\"datePublished\":\"2019-01-23T06:31:06+00:00\",\"dateModified\":\"2023-06-27T06:43:15+00:00\",\"description\":\"En tant que fabricant de PTFE, nous pouvons fournir des produits en PTFE avec des processus d'expansion, de remplissage, de renforcement, d'extrusion et de biseautage.\",\"breadcrumb\":{\"@id\":\"https:\\\/\\\/www.bladenptfe.com\\\/fr\\\/#breadcrumb\"},\"inLanguage\":\"fr-FR\",\"potentialAction\":[{\"@type\":\"ReadAction\",\"target\":[\"https:\\\/\\\/www.bladenptfe.com\\\/fr\\\/\"]}]},{\"@type\":\"ImageObject\",\"inLanguage\":\"fr-FR\",\"@id\":\"https:\\\/\\\/www.bladenptfe.com\\\/fr\\\/#primaryimage\",\"url\":\"https:\\\/\\\/www.bladenptfe.com\\\/wp-content\\\/uploads\\\/2023\\\/05\\\/PTFE-Film.jpg\",\"contentUrl\":\"https:\\\/\\\/www.bladenptfe.com\\\/wp-content\\\/uploads\\\/2023\\\/05\\\/PTFE-Film.jpg\"},{\"@type\":\"BreadcrumbList\",\"@id\":\"https:\\\/\\\/www.bladenptfe.com\\\/fr\\\/#breadcrumb\",\"itemListElement\":[{\"@type\":\"ListItem\",\"position\":1,\"name\":\"Home\",\"item\":\"https:\\\/\\\/www.bladenptfe.com\\\/fr\\\/\"},{\"@type\":\"ListItem\",\"position\":2,\"name\":\"Accueil\"}]},{\"@type\":\"WebSite\",\"@id\":\"https:\\\/\\\/www.bladenptfe.com\\\/fr\\\/#website\",\"url\":\"https:\\\/\\\/www.bladenptfe.com\\\/fr\\\/\",\"name\":\"Bladen PTFE\",\"description\":\"\",\"publisher\":{\"@id\":\"https:\\\/\\\/www.bladenptfe.com\\\/fr\\\/#organization\"},\"potentialAction\":[{\"@type\":\"SearchAction\",\"target\":{\"@type\":\"EntryPoint\",\"urlTemplate\":\"https:\\\/\\\/www.bladenptfe.com\\\/fr\\\/?s={search_term_string}\"},\"query-input\":{\"@type\":\"PropertyValueSpecification\",\"valueRequired\":true,\"valueName\":\"search_term_string\"}}],\"inLanguage\":\"fr-FR\"},{\"@type\":\"Organization\",\"@id\":\"https:\\\/\\\/www.bladenptfe.com\\\/fr\\\/#organization\",\"name\":\"Bladen PTFE\",\"url\":\"https:\\\/\\\/www.bladenptfe.com\\\/fr\\\/\",\"logo\":{\"@type\":\"ImageObject\",\"inLanguage\":\"fr-FR\",\"@id\":\"https:\\\/\\\/www.bladenptfe.com\\\/fr\\\/#\\\/schema\\\/logo\\\/image\\\/\",\"url\":\"https:\\\/\\\/www.bladenptfe.com\\\/wp-content\\\/uploads\\\/2023\\\/05\\\/logo.png\",\"contentUrl\":\"https:\\\/\\\/www.bladenptfe.com\\\/wp-content\\\/uploads\\\/2023\\\/05\\\/logo.png\",\"width\":80,\"height\":80,\"caption\":\"Bladen PTFE\"},\"image\":{\"@id\":\"https:\\\/\\\/www.bladenptfe.com\\\/fr\\\/#\\\/schema\\\/logo\\\/image\\\/\"}}]}<\/script>\n<!-- \/ Yoast SEO plugin. -->","yoast_head_json":{"title":"Fabricant de PTFE Chine, Fournisseur de PTFE Vierge et Charg\u00e9 - Bladen PTFE","description":"En tant que fabricant de PTFE, nous pouvons fournir des produits en PTFE avec des processus d'expansion, de remplissage, de renforcement, d'extrusion et de biseautage.","robots":{"index":"index","follow":"follow","max-snippet":"max-snippet:-1","max-image-preview":"max-image-preview:large","max-video-preview":"max-video-preview:-1"},"canonical":"https:\/\/www.bladenptfe.com\/fr\/","schema":{"@context":"https:\/\/schema.org","@graph":[{"@type":"WebPage","@id":"https:\/\/www.bladenptfe.com\/fr\/","url":"https:\/\/www.bladenptfe.com\/fr\/","name":"Fabricant de PTFE Chine, Fournisseur de PTFE Vierge et Charg\u00e9 - Bladen PTFE","isPartOf":{"@id":"https:\/\/www.bladenptfe.com\/fr\/#website"},"primaryImageOfPage":{"@id":"https:\/\/www.bladenptfe.com\/fr\/#primaryimage"},"image":{"@id":"https:\/\/www.bladenptfe.com\/fr\/#primaryimage"},"thumbnailUrl":"https:\/\/www.bladenptfe.com\/wp-content\/uploads\/2023\/05\/PTFE-Film.jpg","datePublished":"2019-01-23T06:31:06+00:00","dateModified":"2023-06-27T06:43:15+00:00","description":"En tant que fabricant de PTFE, nous pouvons fournir des produits en PTFE avec des processus d'expansion, de remplissage, de renforcement, d'extrusion et de biseautage.","breadcrumb":{"@id":"https:\/\/www.bladenptfe.com\/fr\/#breadcrumb"},"inLanguage":"fr-FR","potentialAction":[{"@type":"ReadAction","target":["https:\/\/www.bladenptfe.com\/fr\/"]}]},{"@type":"ImageObject","inLanguage":"fr-FR","@id":"https:\/\/www.bladenptfe.com\/fr\/#primaryimage","url":"https:\/\/www.bladenptfe.com\/wp-content\/uploads\/2023\/05\/PTFE-Film.jpg","contentUrl":"https:\/\/www.bladenptfe.com\/wp-content\/uploads\/2023\/05\/PTFE-Film.jpg"},{"@type":"BreadcrumbList","@id":"https:\/\/www.bladenptfe.com\/fr\/#breadcrumb","itemListElement":[{"@type":"ListItem","position":1,"name":"Home","item":"https:\/\/www.bladenptfe.com\/fr\/"},{"@type":"ListItem","position":2,"name":"Accueil"}]},{"@type":"WebSite","@id":"https:\/\/www.bladenptfe.com\/fr\/#website","url":"https:\/\/www.bladenptfe.com\/fr\/","name":"Bladen PTFE","description":"","publisher":{"@id":"https:\/\/www.bladenptfe.com\/fr\/#organization"},"potentialAction":[{"@type":"SearchAction","target":{"@type":"EntryPoint","urlTemplate":"https:\/\/www.bladenptfe.com\/fr\/?s={search_term_string}"},"query-input":{"@type":"PropertyValueSpecification","valueRequired":true,"valueName":"search_term_string"}}],"inLanguage":"fr-FR"},{"@type":"Organization","@id":"https:\/\/www.bladenptfe.com\/fr\/#organization","name":"Bladen PTFE","url":"https:\/\/www.bladenptfe.com\/fr\/","logo":{"@type":"ImageObject","inLanguage":"fr-FR","@id":"https:\/\/www.bladenptfe.com\/fr\/#\/schema\/logo\/image\/","url":"https:\/\/www.bladenptfe.com\/wp-content\/uploads\/2023\/05\/logo.png","contentUrl":"https:\/\/www.bladenptfe.com\/wp-content\/uploads\/2023\/05\/logo.png","width":80,"height":80,"caption":"Bladen PTFE"},"image":{"@id":"https:\/\/www.bladenptfe.com\/fr\/#\/schema\/logo\/image\/"}}]}},"_links":{"self":[{"href":"https:\/\/www.bladenptfe.com\/fr\/wp-json\/wp\/v2\/pages\/2639","targetHints":{"allow":["GET"]}}],"collection":[{"href":"https:\/\/www.bladenptfe.com\/fr\/wp-json\/wp\/v2\/pages"}],"about":[{"href":"https:\/\/www.bladenptfe.com\/fr\/wp-json\/wp\/v2\/types\/page"}],"author":[{"embeddable":true,"href":"https:\/\/www.bladenptfe.com\/fr\/wp-json\/wp\/v2\/users\/1"}],"replies":[{"embeddable":true,"href":"https:\/\/www.bladenptfe.com\/fr\/wp-json\/wp\/v2\/comments?post=2639"}],"version-history":[{"count":0,"href":"https:\/\/www.bladenptfe.com\/fr\/wp-json\/wp\/v2\/pages\/2639\/revisions"}],"wp:attachment":[{"href":"https:\/\/www.bladenptfe.com\/fr\/wp-json\/wp\/v2\/media?parent=2639"}],"curies":[{"name":"wp","href":"https:\/\/api.w.org\/{rel}","templated":true}]}}